{"id":5427,"date":"2020-11-23T16:53:56","date_gmt":"2020-11-23T13:53:56","guid":{"rendered":"https:\/\/prograftmedical.com\/?page_id=5427"},"modified":"2020-11-24T19:24:17","modified_gmt":"2020-11-24T16:24:17","slug":"kvvk-aydinlatma-metni","status":"publish","type":"page","link":"https:\/\/prograftmedical.com\/tr\/kvvk-aydinlatma-metni\/","title":{"rendered":"KVVK Ayd\u0131nlatma Metni"},"content":{"rendered":"\n<p><strong>K\u0130\u015e\u0130SEL VER\u0130LER\u0130N KORUNMASI AYDINLATMA METN\u0130<\/strong><\/p>\n\n\n\n<p><strong>K\u0130\u015e\u0130SEL VER\u0130LER\u0130N KORUNMASI<\/strong><\/p>\n\n\n\n<p>\u0130\u015fbu Ayd\u0131nlatma ve R\u0131za Metni ile veri sorumlusu s\u0131fat\u0131yla hareket eden GREFT MED\u0130KAL VE TIBB\u0130 C\u0130HAZLAR SANAY\u0130 DI\u015e T\u0130CARET L\u0130M\u0130TED \u015e\u0130RKET\u0130 (Bundan b\u00f6yle k\u0131saca \u201cPROGRAFT\u201d olarak an\u0131lacakt\u0131r.) 6698 say\u0131l\u0131 Ki\u015fisel Verilerin Korunmas\u0131 Kanunu\u2019na uygun olarak KVKK prosed\u00fcr\u00fcnde tan\u0131mlanm\u0131\u015f ilgili ki\u015filerin, ki\u015fisel verilerinin i\u015flenmesine ili\u015fkin a\u00e7\u0131klamalarda bulunmak ve bilgilendirmek amac\u0131yla bu bilgilendirme metnini haz\u0131rlam\u0131\u015ft\u0131r. Bu metin ile ilgili Kanun uyar\u0131nca PROGRAFT nezdindeki ki\u015fisel verileriniz a\u015fa\u011f\u0131da a\u00e7\u0131klanan i\u015flenme ama\u00e7lar\u0131, hukuki nedenleri, bilgilerin toplanma y\u00f6ntemleri, kimlere ve hangi ama\u00e7larla aktar\u0131labilece\u011fine ili\u015fkin olarak sizleri bilgilendirmektedir.<\/p>\n\n\n\n<p>Kanun kapsam\u0131nda ki\u015fisel veri, kimli\u011fi belirli veya belirlenebilir ger\u00e7ek ki\u015fiye ili\u015fkin her t\u00fcrl\u00fc veriyi kapsamaktad\u0131r. Ki\u015fisel verinin \u00f6zel bir t\u00fcr\u00fc olan \u00d6zel Nitelikli Ki\u015fisel Veri, \u0131rk, etnik k\u00f6ken, siyasi d\u00fc\u015f\u00fcnce, felsefi inan\u00e7, din, mezhep, di\u011fer inan\u00e7lar, k\u0131l\u0131k ve k\u0131yafet, dernek, vak\u0131f veya sendika \u00fcyeli\u011fi, sa\u011fl\u0131k, cinsel hayat, ceza mahkumiyeti ve g\u00fcvenlik tedbirleri, biyometrik ve genetik verileri ifade eder.<\/p>\n\n\n\n<p><strong>1. K\u0130\u015e\u0130SEL VER\u0130LER\u0130N TOPLANMASINA \u0130L\u0130\u015eK\u0130N Y\u00d6NTEMLER\u0130 VE HUKUK\u0130 SEBEB\u0130<\/strong><\/p>\n\n\n\n<p>Toplanan veriler, PROGRAFT \u2019\u0131n i\u015f ortaklar\u0131ndan, tedarik\u00e7ilerinden, bayilerden (potansiyel i\u015f ortaklar\u0131, tedarik\u00e7iler ve bayilerde dahil olmak \u00fczere) a\u015fa\u011f\u0131da say\u0131lan kanallar vas\u0131tas\u0131yla otomatik ya da otomatik olmayan y\u00f6ntemlerle, s\u00f6zl\u00fc, yaz\u0131l\u0131 veya elektronik yollar ile iletilen verilerdir. Ki\u015fisel verileriniz, tamamen veya k\u0131smen otomatik yollarla ya da veri kay\u0131t sisteminin par\u00e7as\u0131 olmak kayd\u0131yla otomatik olmayan y\u00f6ntemlerle elde edilmektedir. PROGRAFT taraf\u0131ndan veri sorumlusu s\u0131fat\u0131 ile, KVKK ve ilgili di\u011fer mevzuattan kaynaklanan yasal y\u00fck\u00fcml\u00fcl\u00fcklerimiz \u00e7er\u00e7evesinde; internet sitesi, mobil uygulamalar, \u00e7a\u011fr\u0131 merkezi, ma\u011fazalar, sosyal medya mecralar\u0131, do\u011frudan veya yetkilendirilmi\u015f ileti\u015fim kanallar\u0131 ve fiziki kanallar gibi farkl\u0131 kanallarda icra edilen \u00fcretim ve d\u00fczenleme s\u00fcre\u00e7lerindeki y\u00f6ntemlerle; bu kanallar\u0131 kullanarak sizlere kaliteli hizmetlerimizi sunmak ve bu \u00e7er\u00e7evede i\u015f ve ticari faaliyetlerimizi y\u00fcr\u00fctmek noktas\u0131nda uygulama imkan\u0131 bulan ilgili mevzuat, s\u00f6zle\u015fme, talep, ticari team\u00fcl ve d\u00fcr\u00fcstl\u00fck kurallar\u0131na dayal\u0131 olarak ortaya \u00e7\u0131kan ve icra edilen hukuki sebepler \u00e7er\u00e7evesinde a\u00e7\u0131k r\u0131zaya ba\u011fl\u0131 s\u00f6zl\u00fc, yaz\u0131l\u0131 ya da elektronik ki\u015fisel verileriniz, \u00f6zel nitelikli ki\u015fisel veriler de dahil olmak \u00fczere toplanmaktad\u0131r.<\/p>\n\n\n\n<p>Bu kapsamda ki\u015fisel verileriniz, PROGRAFT veya PROGRAFT ad\u0131na veri i\u015fleyen ger\u00e7ek ya da t\u00fczel ki\u015filer taraf\u0131ndan, say\u0131lanlarla s\u0131n\u0131rl\u0131 olmamak \u00fczere, yaz\u0131l\u0131 veya elektronik olarak, a\u015fa\u011f\u0131da belirtilen y\u00f6ntemlerle toplanabilir;<\/p>\n\n\n\n<ul><li>Elektronik ya da fiziki olarak doldurdu\u011funuz \u00fcyelik formu,<\/li><li>\u0130nternet sitelerimize \u00fcyelik veya giri\u015f s\u0131ras\u0131nda \u00fcye giri\u015fi yapman\u0131z\u0131 sa\u011flayan B2b ve sosyal a\u011flar,<\/li><li>\u0130nternet sitelerimiz veya \u00fc\u00e7\u00fcnc\u00fc ki\u015filere ait internet sitelerinde yer alan, bizimle ileti\u015fime ge\u00e7mek, hizmet ve destek almak\u00fczere doldurdu\u011funuz ileti\u015fim formlar\u0131,<\/li><li>\u00c7evirim i\u00e7i al\u0131\u015fveri\u015f uygulamalar\u0131, sizi tan\u0131mak i\u00e7in kullan\u0131lan \u00e7erezler (cookies), mobiluygulamalar\u0131m\u0131z,<\/li><li>\u015eirketimiz ile imzalam\u0131\u015f oldu\u011funuz muhtelif s\u00f6zle\u015fmeler ile \u015eirketimize g\u00f6ndermi\u015f oldu\u011funuzelektronik postalar, faks, kargo ve mektuplar,<\/li><li>\u015eirketimiz ad\u0131na veri i\u015fleyen yahut \u00fcyelik program\u0131 s\u00fcrecinin herhangi bir safhas\u0131nda \u015firketimizedestek veren \u00fc\u00e7\u00fcnc\u00fc ki\u015fi veya firmalar,<\/li><li>\u00c7al\u0131\u015fanlar\u0131m\u0131z, dijital pazarlama ve \u00e7a\u011fr\u0131 merkezi d\u00e2hil olmak \u00fczere m\u00fc\u015fteri hizmetlerikanallar\u0131m\u0131z,<\/li><li>Sosyal medya kanallar\u0131, Google vb. arama motorlar\u0131n\u0131n kullan\u0131m\u0131,<\/li><li>\u00dcyelik s\u00f6zle\u015fmeleri ve sair di\u011fer s\u00f6zle\u015fmeler, kampanyalar, ba\u015fvurular, formlar, teklifler,<\/li><li>Bayilerimiz, ve di\u011fer sat\u0131\u015f a\u011f\u0131.<\/li><\/ul>\n\n\n\n<p>toplanan ki\u015fisel veriler Kanun\u2019un 5. ve 6. maddelerinde ve bu Ayd\u0131nlatma ve R\u0131zaMetni\u2019ndebelirtilen ama\u00e7larla i\u015flenebilmekte ve aktar\u0131labilmektedir.<\/p>\n\n\n\n<p><strong>2. K\u0130\u015e\u0130SEL VER\u0130LER\u0130N \u0130\u015eLENMES\u0130 VE \u0130\u015eLEME AMA\u00c7LARI<\/strong><\/p>\n\n\n\n<p>PROGRAFT olarak, veri sorumlusu s\u0131fat\u0131 ile, yaz\u0131l\u0131 ileti\u015fim kanallar\u0131m\u0131z, sosyal medya sayfalar\u0131m\u0131z, mobil ileti\u015fim kanallar\u0131, ve\/veya bunlarla s\u0131n\u0131rl\u0131 olmamak \u00fczere her t\u00fcrl\u00fc kanallar arac\u0131l\u0131\u011f\u0131 ile; a\u00e7\u0131k r\u0131zan\u0131z ile elde etti\u011fimiz ki\u015fisel ve\/veya \u00f6zel nitelikli ki\u015fisel verileriniz tamamen veya k\u0131smen elde edilebilir, kaydedilebilir, saklanabilir, depolanabilir, de\u011fi\u015ftirilebilir, g\u00fcncellenebilir, periyodik olarak kontrol edilebilir, yeniden d\u00fczenlenebilir, s\u0131n\u0131fland\u0131r\u0131labilir, i\u015flendikleri ama\u00e7 i\u00e7in gerekli olan ya da ilgili kanunda \u00f6ng\u00f6r\u00fclen s\u00fcre kadar muhafaza edilebilir, kanuni ya da hizmete ba\u011fl\u0131 fiili gereklilikler halinde PROGRAFT\u2019\u0131n birlikte \u00e7al\u0131\u015ft\u0131\u011f\u0131 \u00f6zel-t\u00fczel ki\u015filerle, grup \u015firketleri veya i\u015fbirli\u011fi yapt\u0131\u011f\u0131 \u015firketlerle ya da kanunen y\u00fck\u00fcml\u00fc oldu\u011fu kamu kurum ve kurulu\u015flar\u0131yla ve\/veya T\u00fcrkiye&#8217;de veya yurtd\u0131\u015f\u0131nda mukim olan ilgili 3. ki\u015fi ger\u00e7ek ki\u015fi\/t\u00fczel ki\u015filerle payla\u015f\u0131labilir\/devredilebilir, kanuni ya da hizmete ba\u011fl\u0131 fiili gereklilikler halinde yurtd\u0131\u015f\u0131na aktar\u0131labilir.PROGRAFT m\u00fc\u015fterilerinin markalar\u0131m\u0131z\u0131n hizmetlerinden faydalanabilmesi, onay\u0131n\u0131z halinde ticari ve pazarlama stratejilerimizi belirlemek, geli\u015ftirmek amac\u0131 ile kampanyalar\u0131m\u0131z hakk\u0131nda sizleri bilgilendirmek, \u00f6neri ve \u015fikayetlerinizi kay\u0131t alt\u0131na alabilmek, sizleri daha iyi tan\u0131yarak ihtiya\u00e7lar\u0131n\u0131z do\u011frultusunda hizmet vermek, sat\u0131\u015f, pazarlama, reklam ve tan\u0131t\u0131m faaliyetlerimizin y\u00fcr\u00fct\u00fclmesinde \u00f6nc\u00fcl\u00fck etmeniz, sat\u0131\u015f ve pazarlama faaliyetleri i\u00e7in yap\u0131lacak analizler ve profilleme \u00e7al\u0131\u015fmalar\u0131n\u0131 yapabilmemiz, sizlere daha iyi hizmet standartlar\u0131 olu\u015fturabilmek, PROGRAFT ticari ve i\u015f stratejilerinin belirlenmesi ve uygulanmas\u0131 gibi ama\u00e7larla ve her hal\u00fckarda 6698 say\u0131l\u0131 Ki\u015fisel Verilerin Korunmas\u0131Kanunu ve ilgili mevzuata uygun olarak ki\u015fisel verilerinizi i\u015fleyebilece\u011fimizi bilginize sunar\u0131z.<\/p>\n\n\n\n<p><strong>3. K\u0130\u015e\u0130SEL VER\u0130LER\u0130N AKTARILMASI<\/strong><\/p>\n\n\n\n<p>PROGRAFT s\u00f6z konusu ki\u015fisel verilerinizi sadece; a\u00e7\u0131k r\u0131zan\u0131za istinaden veya 6698 say\u0131l\u0131Kanun\u2019da ve ilgili mevzuatta belirtilen g\u00fcvenlik ve gizlilik esaslar\u0131 \u00e7er\u00e7evesinde yeterli\u00f6nlemler al\u0131nmak kayd\u0131yla yurt i\u00e7inde ve gerekli g\u00fcvenlik \u00f6nlemlerinin al\u0131nmas\u0131 \u015fart\u0131yla yurtd\u0131\u015f\u0131nda, \u015eirket faaliyetlerinin y\u00fcr\u00fct\u00fclmesi, veri sahipleri ile m\u00fc\u015fterilerimiz aras\u0131ndaki i\u015fili\u015fkisinin sa\u011flanmas\u0131 ve\/veya bu ama\u00e7la g\u00f6r\u00fc\u015fmeler yap\u0131lmas\u0131, hizmetler, f\u0131rsat ve olanaklarsunulmas\u0131 ve hizmet kalitesinin art\u0131r\u0131lmas\u0131 amac\u0131yla; grup \u015firketlerimiz, i\u015f ortaklar\u0131m\u0131z, i\u015fba\u011flant\u0131lar\u0131m\u0131z, bayilerimiz, Kulland\u0131\u011f\u0131m\u0131z bili\u015fim teknolojileri gere\u011fi, yurt i\u00e7inde ya dayurtd\u0131\u015f\u0131nda bulunan sunucular ve bu sunucu deste\u011fini veren firmalar ile fiziksel server ve\/veyabulut hizmeti ald\u0131\u011f\u0131m\u0131z yurt i\u00e7i\/yurt d\u0131\u015f\u0131 ki\u015fi ve kurumlar, \u015eirketimiz ad\u0131na veri i\u015fleyen, m\u00fc\u015fterimemnuniyeti \u00f6l\u00e7\u00fcmleme, profilleme deste\u011fi veren, sat\u0131\u015f ve pazarlama alan\u0131nda ki\u015fiselverilerini\u015flenmesi gereken konularda destek veren firmalar, faaliyetlerimizin gere\u011fi anla\u015fmal\u0131oldu\u011fumuz ve hizmet sundu\u011fumuz m\u00fc\u015fteriler, tedarik\u00e7iler, \u015firket avukatlar\u0131m\u0131z ve mali m\u00fc\u015favirler, denetim \u015firketleri veya yasal birzorunluluk gere\u011fi bu verileri talep etmeye yetkili olan kamu kurum veya kurulu\u015flar\u0131, bunlarlas\u0131n\u0131rl\u0131 olmamak \u00fczere ilgili di\u011fer otoriteler ile payla\u015fabilecektir.<\/p>\n\n\n\n<p><strong>4. K\u0130\u015e\u0130SEL VER\u0130 SAH\u0130B\u0130N\u0130N KVK KANUNU\u2019NUN (\u201cKANUN\u201d) 11. MADDES\u0130NDE<\/strong><\/p>\n\n\n\n<p><strong>SAYILAN HAKLARI<\/strong><\/p>\n\n\n\n<p>PROGRAFT ilgili ki\u015filerin a\u015fa\u011f\u0131daki taleplerine kar\u015f\u0131l\u0131k verecektir:<\/p>\n\n\n\n<p>a) PROGRAFT\u2019 \u0131n kendilerine ili\u015fkin ki\u015fisel verileri i\u015fleyip i\u015flemedi\u011fini ve hangi ki\u015fisel verileri i\u015fledi\u011fini \u00f6\u011frenme,<\/p>\n\n\n\n<p>b)ki\u015fisel verilerin i\u015flenme amac\u0131n\u0131 ve bunlar\u0131n amac\u0131na uygun kullan\u0131l\u0131p kullan\u0131lmad\u0131\u011f\u0131n\u0131 \u00f6\u011frenme,<\/p>\n\n\n\n<p>c) PROGRAFT\u2019 \u0131n yurt i\u00e7inde veya yurt d\u0131\u015f\u0131nda ki\u015fisel verileri aktard\u0131\u011f\u0131 \u00fc\u00e7\u00fcnc\u00fc ki\u015fileri bilme,<\/p>\n\n\n\n<p>d) ki\u015fisel verilerin eksik veya yanl\u0131\u015f i\u015flenmi\u015f olmas\u0131 h\u00e2linde bunlar\u0131n d\u00fczeltilmesini isteme ve bu kapsamda yap\u0131lan i\u015flemin ki\u015fisel verilerin aktar\u0131ld\u0131\u011f\u0131 \u00fc\u00e7\u00fcnc\u00fc ki\u015filere bildirilmesini isteme,<\/p>\n\n\n\n<p>e) Kanuna uygun olarak ki\u015fisel verilerin silinmesini veya yok edilmesini isteme<\/p>\n\n\n\n<p>f) Ki\u015fisel verilerin d\u00fczeltilmesi, silinmesi ya da yok edilmesi talebi halinde; yap\u0131lan i\u015flemlerin ki\u015fisel verilerin aktar\u0131ld\u0131\u011f\u0131 \u00fc\u00e7\u00fcnc\u00fc ki\u015filere bildirilmesini isteme,<\/p>\n\n\n\n<p>g) ki\u015fisel verilerin kanuna ayk\u0131r\u0131 olarak i\u015flenmesi sebebiyle zarara u\u011framas\u0131 h\u00e2linde zarar\u0131n giderilmesini talep etme<\/p>\n\n\n\n<p>h) Ki\u015fisel verilerinin birer kopyas\u0131n\u0131 alma.<\/p>\n\n\n\n<p>G\u00f6r\u00fc\u015f ve sorular\u0131n\u0131zla ilgili bizimle ileti\u015fime ge\u00e7ebilirsiniz.<\/p>\n\n\n\n<p>\u00dcnvan : GREFT MED\u0130KAL VE TIBB\u0130 C\u0130HAZLAR SANAY\u0130 DI\u015e T\u0130CARET L\u0130M\u0130TED \u015e\u0130RKET\u0130<\/p>\n\n\n\n<p>E-mail adresi : info@prograftmedical.com<\/p>\n\n\n\n<p>KEP Adresi : greftmedikal@hs02.kep.tr<\/p>\n\n\n\n<p>Posta adresi : Fevzi \u00c7akmak Mah. Canan Sk. No: 2\/A K\u00fc\u00e7\u00fck\u00e7ekmece &#8211; \u0130stanbul<\/p>\n","protected":false},"excerpt":{"rendered":"<p>K\u0130\u015e\u0130SEL VER\u0130LER\u0130N KORUNMASI AYDINLATMA METN\u0130 K\u0130\u015e\u0130SEL VER\u0130LER\u0130N KORUNMASI \u0130\u015fbu Ayd\u0131nlatma ve R\u0131za Metni ile veri sorumlusu s\u0131fat\u0131yla hareket eden GREFT MED\u0130KAL VE TIBB\u0130 C\u0130HAZLAR SANAY\u0130 DI\u015e<span class=\"excerpt-hellip\"> [\u2026]<\/span><\/p>\n","protected":false},"author":1,"featured_media":0,"parent":0,"menu_order":0,"comment_status":"closed","ping_status":"closed","template":"","meta":[],"_links":{"self":[{"href":"https:\/\/prograftmedical.com\/tr\/wp-json\/wp\/v2\/pages\/5427"}],"collection":[{"href":"https:\/\/prograftmedical.com\/tr\/wp-json\/wp\/v2\/pages"}],"about":[{"href":"https:\/\/prograftmedical.com\/tr\/wp-json\/wp\/v2\/types\/page"}],"author":[{"embeddable":true,"href":"https:\/\/prograftmedical.com\/tr\/wp-json\/wp\/v2\/users\/1"}],"replies":[{"embeddable":true,"href":"https:\/\/prograftmedical.com\/tr\/wp-json\/wp\/v2\/comments?post=5427"}],"version-history":[{"count":5,"href":"https:\/\/prograftmedical.com\/tr\/wp-json\/wp\/v2\/pages\/5427\/revisions"}],"predecessor-version":[{"id":5433,"href":"https:\/\/prograftmedical.com\/tr\/wp-json\/wp\/v2\/pages\/5427\/revisions\/5433"}],"wp:attachment":[{"href":"https:\/\/prograftmedical.com\/tr\/wp-json\/wp\/v2\/media?parent=5427"}],"curies":[{"name":"wp","href":"https:\/\/api.w.org\/{rel}","templated":true}]}}